{"id":405,"date":"2020-05-07T22:57:22","date_gmt":"2020-05-07T20:57:22","guid":{"rendered":"https:\/\/www.solarinulm.de\/?page_id=405"},"modified":"2025-10-29T23:10:47","modified_gmt":"2025-10-29T22:10:47","slug":"start","status":"publish","type":"page","link":"https:\/\/www.solarinulm.de\/","title":{"rendered":""},"content":{"rendered":"\n<style type=\"text\/css\">\n.tg  {border-collapse:collapse;border-spacing:0;border:0;}\n.tg td{border-color:black;border-style:solid;border-width:0px;font-family:Arial, sans-serif;font-size:14px;\n  overflow:hidden;padding:10px 5px;word-break:normal;}\n.tg th{border-color:black;border-style:solid;border-width:0px;font-family:Arial, sans-serif;font-size:14px;\n  font-weight:normal;overflow:hidden;padding:10px 5px;word-break:normal;}\n.tg .tg-0pky{border-color:inherit;text-align:left;vertical-align:top}\n.tg .tg-0lax{text-align:left;vertical-align:top}\n<\/style>\n<table class=\"tg\">\n<thead>\n  <tr>\n    <th class=\"tg-0pky\"><div align=\"center\"><a href=\"https:\/\/www.solarinulm.de\/?page_id=230\"><img decoding=\"async\" src=\"https:\/\/www.solarinulm.de\/start_450\/2\/1.jpg\" title=\"Tageskurven  der eingespeisten kWh von zwei vergleichbaren Wechselrichtern\"><\/a><\/div><\/th>\n    <th class=\"tg-0pky\"><div align=\"center\"><a href=\"https:\/\/www.solarinulm.de\/?page_id=232\"><img decoding=\"async\" src=\"https:\/\/www.solarinulm.de\/start_450\/2\/2.jpg\" title=\"Abschalten der Sicherungen w\u00e4hrend Wartungsarbeiten an einem Wechselrichter\"><\/a><\/div><\/th>\n  <\/tr>\n<\/thead>\n<tbody>\n  <tr>\n    <td class=\"tg-0pky\">\n\t\n\t<a href=\"https:\/\/www.solarinulm.de\/?page_id=230\"><span style=\"color:#000073;font-size:18px;\" class=\"has-inline-color\"><b>Verbesserung der Ertragssituation<\/b><\/span><\/a>\n<br>\n\n<span style=\"color:#515151;font-size:16px;\" class=\"has-inline-color\">\n\nIhre Photovolktaikanlage auf maximaler Effizienz \u2013 mit Finasol.\n\n<\/span>\n\n<div align=\"right\">\n<br>\n<a href=\"https:\/\/www.solarinulm.de\/?page_id=230\"><span style=\"color:#515151;font-size:14px;\" class=\"has-inline-color\">\u2192 Mehr erfahren<\/span><\/a>\n<\/div>\n\n\n<\/td>\n    <td class=\"tg-0pky\">\n\t\n\t\n\t\t<a href=\"https:\/\/www.solarinulm.de\/?page_id=232\"><span style=\"color:#000073;font-size:18px;\" class=\"has-inline-color\"><b>Regelm\u00e4ssige Wartungen<\/b><\/span><\/a>\n<br>\n<span style=\"color:#515151;font-size:16px;\" class=\"has-inline-color\">\n\nIm Rahmen unserer preiswerte Wartungskonditionen behalten wir Ihre Solaranlage t\u00e4glich im Auge.\n<\/span>\n\n<div align=\"right\">\n<a href=\"https:\/\/www.solarinulm.de\/?page_id=232\"><span style=\"color:#515151;font-size:14px;\" class=\"has-inline-color\">\u2192 Mehr erfahren<\/span><\/a>\n<\/div>\n\n\n\n\n<\/td>\n\t\n\t\n\t\n  <\/tr>\n  <tr>\n    <td class=\"tg-0lax\" colspan=\"2\"><div align=\"center\"><a href=\"https:\/\/www.solarinulm.de\/?page_id=490\"><img decoding=\"async\" src=\"http:\/\/www.solarinulm.de\/wp-content\/uploads\/2020\/05\/450.jpg\" title=\"Zwei Fachleute reinigen eine Freilandanlage. Verantwortung \u00fcber den Zustand der Anlage \u00fcbernehmen\"><\/a><\/div><\/td>\n  <\/tr>\n  \n    <tr>\n    <td class=\"tg-0lax\" colspan=\"2\">\n\t\t\n\t\n\t\t<a href=\"https:\/\/www.solarinulm.de\/?page_id=490\"><span style=\"color:#000073;font-size:18px;\" class=\"has-inline-color\"><b>Verantwortung \u00fcbernehmen<\/b><\/span><\/a>\n<br>\n<span style=\"color:#515151;font-size:16px;\" class=\"has-inline-color\">\n\nSolaranlagen sind die zukunftsweisende Energietechnik zur Stromerzeugung. \u00d6kologisch ohne Emmissionen, leise, kosteng\u00fcnstig und effektiv. \n\n<\/span>\n<div align=\"right\">\n<a href=\"https:\/\/www.solarinulm.de\/?page_id=490\"><span style=\"color:#515151;font-size:14px;\" class=\"has-inline-color\">\u2192 Mehr erfahren<\/span><\/a>\n<\/div>\n\n\n\n<\/td>\n  <\/tr>\n  \n<\/tbody>\n<\/table>\n\n\n\n<div class=\"container\">\n  <!-- Step 1 -->\n  <div class=\"step active\" id=\"step1\">\n    <h2>Wie viel Fl\u00e4che steht f\u00fcr Ihre Photovoltaikanlage zur Verf\u00fcgung?<\/h2>\n    <p>Bitte w\u00e4hlen Sie Ihren Haustyp aus<\/p>\n    <div class=\"options\" id=\"houseType\">\n      <div class=\"option\">Einfamilienhaus<\/div>\n      <div class=\"option\">Reihenhaus<\/div>\n      <div class=\"option\">Doppelhaush\u00e4lfte<\/div>\n      <div class=\"option\">Mehrfamilienhaus<\/div>\n      <div class=\"option\">Gewerbeimmobilie<\/div>\n    <\/div>\n  <\/div>\n\n  <!-- Step 2 -->\n  <div class=\"step\" id=\"step2\">\n    <h2>Bitte geben Sie die ungef\u00e4hre Dachfl\u00e4che an<\/h2>\n    <p>z.B. 40 m\u00b2<\/p>\n    <input type=\"range\" id=\"roofRange\" min=\"0\" max=\"150\" value=\"0\" \/>\n    <div id=\"roofValue\">0 m\u00b2<\/div>\n  <\/div>\n\n  <!-- Step 3 -->\n  <div class=\"step\" id=\"step3\">\n    <h2>Welche Dachform hat das Haus?<\/h2>\n    <div class=\"options\" id=\"roofType\">\n      <div class=\"option\">Satteldach<\/div>\n      <div class=\"option\">Flachdach<\/div>\n      <div class=\"option\">Pultdach<\/div>\n      <div class=\"option\">Anderes<\/div>\n    <\/div>\n  <\/div>\n\n  <!-- Step 4 -->\n  <div class=\"step\" id=\"step4\">\n    <h2>Haben Sie auch Interesse an einem Stromspeicher?<\/h2>\n    <p>Ein Stromspeicher speichert \u00fcbersch\u00fcssigen Strom kurzzeitig f\u00fcr sp\u00e4tere Nutzung.<\/p>\n    <div class=\"options\" id=\"batteryChoice\">\n      <div class=\"option\">Ja!<\/div>\n      <div class=\"option\">Ich bin noch unschl\u00fcssig<\/div>\n      <div class=\"option\">Nein, danke!<\/div>\n    <\/div>\n  <\/div>\n\n  <!-- Step 5 -->\n  <div class=\"step\" id=\"step5\">\n    <h2>Adresse der Immobilie<\/h2>\n    <p>Bitte geben Sie die Adresse der Immobilie ein.<\/p>\n\n    <div class=\"address-form\">\n      <div class=\"address-row\">\n        <div class=\"field large\">\n          <label for=\"strasse\">Stra\u00dfe<\/label>\n          <input id=\"strasse\" type=\"text\" placeholder=\"Musterstra\u00dfe\" \/>\n        <\/div>\n        <div class=\"field small\">\n          <label for=\"nr\">Nr.<\/label>\n          <input id=\"nr\" type=\"text\" placeholder=\"10\" \/>\n        <\/div>\n      <\/div>\n\n      <div class=\"address-row\">\n        <div class=\"field medium\">\n          <label for=\"plz\">PLZ<\/label>\n          <input id=\"plz\" type=\"text\" placeholder=\"12345\" \/>\n        <\/div>\n        <div class=\"field large\">\n          <label for=\"ort\">Ort<\/label>\n          <input id=\"ort\" type=\"text\" placeholder=\"Berlin\" \/>\n        <\/div>\n      <\/div>\n\n      <div class=\"address-row\">\n        <div class=\"field full\">\n          <label for=\"land\">Land<\/label>\n          <input id=\"land\" type=\"text\" placeholder=\"Deutschland\" \/>\n        <\/div>\n      <\/div>\n    <\/div>\n  <\/div>\n\n  <!-- Step 6 -->\n  <div class=\"step\" id=\"step6\">\n    <h2>Hinweise oder W\u00fcnsche Ihrerseits<\/h2>\n    <p>Diese Angaben sind optional<\/p>\n\n    <textarea id=\"notes\"\n      placeholder=\"Es gibt folgendes zu beachten... \/ Ich h\u00e4tte gerne...\"\n      style=\"width:80%; max-width:700px; height:150px; border-radius:10px; border:2px solid #cfd8dc; padding:15px; font-size:15px; transition:0.3s; box-shadow:0 0 5px rgba(0,0,0,0.05);\"><\/textarea>\n  <\/div>\n\n  <!-- Step 7 -->\n  <div class=\"step\" id=\"step7\">\n    <h2>Ihre Kontaktdaten<\/h2>\n    <form id=\"configForm\">\n<div class=\"field full\">\n  <label for=\"anrede\">Anrede *<\/label><br>\n  <select name=\"anrede\" id=\"anrede\" required>\n    <option value=\"\">Bitte w\u00e4hlen...<\/option>\n    <option value=\"Herr\">Herr<\/option>\n    <option value=\"Frau\">Frau<\/option>\n    <option value=\"Divers\">Divers<\/option>\n    <option value=\"Firma\">Firma<\/option>\n  <\/select>\n<\/div>\n\n      <input type=\"text\" name=\"fullname\" placeholder=\"Vor- und Nachname *\" required \/><br>\n      <input type=\"text\" name=\"company\" placeholder=\"Firmenname (optional)\" \/><br>\n      <input type=\"email\" name=\"email\" placeholder=\"E-Mail Adresse *\" required \/><br>\n      <input type=\"tel\" name=\"phone\" placeholder=\"Rufnummer f\u00fcr R\u00fcckfragen *\" required \/><br>\n\n      <!-- reCAPTCHA -->\n      <div class=\"g-recaptcha\" data-sitekey=\"6Le5nPsrAAAAAACfDrn2lKltNlpHuUVVnIL_4ODP\"><\/div>\n\n      <div class=\"checkbox\">\n        <label><input type=\"checkbox\" name=\"privacy\" required \/> Ich akzeptiere die <a href=\"https:\/\/www.solarinulm.de\/?page_id=55\">Datenschutzerkl\u00e4rung<\/a> *<\/label>\n      <\/div>\n\n      <button type=\"submit\" class=\"submit\">Anfrage senden<\/button>\n    <\/form>\n\n    <div id=\"formMessage\" style=\"margin-top:15px;\"><\/div>\n  <\/div>\n\n  <!-- Navigation -->\n  <div class=\"controls\">\n    <button class=\"arrow-btn\" id=\"prevBtn\">\u2190<\/button>\n    <button class=\"arrow-btn\" id=\"nextBtn\">\u2192<\/button>\n  <\/div>\n<\/div>\n\n\n","protected":false},"excerpt":{"rendered":"<p>Verbesserung der Ertragssituation Ihre Photovolktaikanlage auf maximaler Effizienz \u2013 mit Finasol. \u2192 Mehr erfahren Regelm\u00e4ssige Wartungen Im Rahmen unserer preiswerte Wartungskonditionen behalten wir Ihre Solaranlage t\u00e4glich im Auge. \u2192 Mehr erfahren Verantwortung \u00fcbernehmen Solaranlagen sind die zukunftsweisende Energietechnik zur Stromerzeugung. \u00d6kologisch ohne Emmissionen, leise, kosteng\u00fcnstig und effektiv. \u2192 Mehr erfahren <a href=\"https:\/\/www.solarinulm.de\/\" class=\"more-link\"><span class=\"screen-reader-text\"><\/span> weiterlesen<\/a><\/p>\n","protected":false},"author":1,"featured_media":0,"parent":0,"menu_order":0,"comment_status":"closed","ping_status":"closed","template":"","meta":{"footnotes":""},"class_list":["post-405","page","type-page","status-publish","hentry"],"_links":{"self":[{"href":"https:\/\/www.solarinulm.de\/index.php?rest_route=\/wp\/v2\/pages\/405","targetHints":{"allow":["GET"]}}],"collection":[{"href":"https:\/\/www.solarinulm.de\/index.php?rest_route=\/wp\/v2\/pages"}],"about":[{"href":"https:\/\/www.solarinulm.de\/index.php?rest_route=\/wp\/v2\/types\/page"}],"author":[{"embeddable":true,"href":"https:\/\/www.solarinulm.de\/index.php?rest_route=\/wp\/v2\/users\/1"}],"replies":[{"embeddable":true,"href":"https:\/\/www.solarinulm.de\/index.php?rest_route=%2Fwp%2Fv2%2Fcomments&post=405"}],"version-history":[{"count":65,"href":"https:\/\/www.solarinulm.de\/index.php?rest_route=\/wp\/v2\/pages\/405\/revisions"}],"predecessor-version":[{"id":2960,"href":"https:\/\/www.solarinulm.de\/index.php?rest_route=\/wp\/v2\/pages\/405\/revisions\/2960"}],"wp:attachment":[{"href":"https:\/\/www.solarinulm.de\/index.php?rest_route=%2Fwp%2Fv2%2Fmedia&parent=405"}],"curies":[{"name":"wp","href":"https:\/\/api.w.org\/{rel}","templated":true}]}}